{"id":45014,"date":"2026-02-19T11:34:26","date_gmt":"2026-02-19T11:34:26","guid":{"rendered":"https:\/\/lygosdental.com\/dis-implanti-paketleri\/"},"modified":"2026-02-19T11:34:26","modified_gmt":"2026-02-19T11:34:26","slug":"dis-implanti-paketleri","status":"publish","type":"page","link":"https:\/\/lygosdental.com\/tr\/dis-implanti-paketleri\/","title":{"rendered":"Di\u015f \u0130mplant\u0131 Paketleri"},"content":{"rendered":"","protected":false},"excerpt":{"rendered":"","protected":false},"author":1,"featured_media":0,"parent":0,"menu_order":0,"comment_status":"closed","ping_status":"closed","template":"template-parts\/dental-implant-packages-template.php","meta":{"_acf_changed":false,"footnotes":""},"class_list":["post-45014","page","type-page","status-publish","hentry"],"acf":[],"_links":{"self":[{"href":"https:\/\/lygosdental.com\/tr\/wp-json\/wp\/v2\/pages\/45014","targetHints":{"allow":["GET"]}}],"collection":[{"href":"https:\/\/lygosdental.com\/tr\/wp-json\/wp\/v2\/pages"}],"about":[{"href":"https:\/\/lygosdental.com\/tr\/wp-json\/wp\/v2\/types\/page"}],"author":[{"embeddable":true,"href":"https:\/\/lygosdental.com\/tr\/wp-json\/wp\/v2\/users\/1"}],"replies":[{"embeddable":true,"href":"https:\/\/lygosdental.com\/tr\/wp-json\/wp\/v2\/comments?post=45014"}],"version-history":[{"count":0,"href":"https:\/\/lygosdental.com\/tr\/wp-json\/wp\/v2\/pages\/45014\/revisions"}],"wp:attachment":[{"href":"https:\/\/lygosdental.com\/tr\/wp-json\/wp\/v2\/media?parent=45014"}],"curies":[{"name":"wp","href":"https:\/\/api.w.org\/{rel}","templated":true}]}}